{"id":7,"date":"2025-11-14T10:44:41","date_gmt":"2025-11-14T10:44:41","guid":{"rendered":"https:\/\/www.ezd-medical.eu\/?page_id=7"},"modified":"2025-11-14T15:49:50","modified_gmt":"2025-11-14T15:49:50","slug":"home","status":"publish","type":"page","link":"https:\/\/www.ezd-medical.eu\/","title":{"rendered":"Home"},"content":{"rendered":"\n<div class=\"wp-block-cover alignfull is-light\" style=\"min-height:720px;aspect-ratio:unset;\"><span aria-hidden=\"true\" class=\"wp-block-cover__background has-background-dim-100 has-background-dim has-background-gradient\" style=\"background:linear-gradient(35deg,rgb(6,0,151) 0%,rgb(130,4,255) 73%,rgb(193,15,255) 100%)\"><\/span><div class=\"wp-block-cover__inner-container is-layout-flow wp-block-cover-is-layout-flow\">\n<div class=\"inherit-container-width wp-block-group alignwide is-layout-constrained wp-block-group-is-layout-constrained\">\n<div class=\"wp-block-media-text alignwide has-media-on-the-right is-stacked-on-mobile is-vertically-aligned-center\" style=\"grid-template-columns:auto 43%\"><div class=\"wp-block-media-text__content\">\n<h1 class=\"wp-block-heading has-text-align-left has-white-color has-text-color\">Elektronick\u00e1 zdravotn\u00ed dokumentace<\/h1>\n\n\n\n<h2 class=\"wp-block-heading has-text-align-middle has-white-color has-text-color\">pro zdravotnick\u00e9 z\u00e1chrann\u00e9 slu\u017eby a zdravotnick\u00e1 za\u0159\u00edzen\u00ed <\/h2>\n<\/div><figure class=\"wp-block-media-text__media\"><img decoding=\"async\" src=\"https:\/\/www.ezd-medical.eu\/wp-content\/themes\/astra\/inc\/assets\/images\/starter-content\/hero-img.svg\" alt=\"\" class=\"wp-image-118 size-full\"\/><\/figure><\/div>\n<\/div>\n<\/div><\/div>\n\n\n\n<div class=\"wp-block-group alignfull is-layout-constrained wp-container-core-group-is-layout-45b0ac4f wp-block-group-is-layout-constrained\" id=\"services\" style=\"padding-top:144px;padding-bottom:0px\">\n<h2 class=\"wp-block-heading\">Na\u0161e produkty a slu\u017eby<\/h2>\n\n\n\n<div class=\"wp-block-columns is-layout-flex wp-container-core-columns-is-layout-60cbf9bb wp-block-columns-is-layout-flex\" style=\"margin-top:50px\">\n<div class=\"wp-block-column is-layout-flow wp-container-core-column-is-layout-6b73ce23 wp-block-column-is-layout-flow\">\n<figure class=\"wp-block-image size-full\"><img loading=\"lazy\" decoding=\"async\" width=\"1920\" height=\"1280\" src=\"https:\/\/www.ezd-medical.eu\/wp-content\/uploads\/2025\/11\/ipad-mockup-featuring-a-monochromatic-background-2176-el1.png\" alt=\"\" class=\"wp-image-48\" srcset=\"https:\/\/www.ezd-medical.eu\/wp-content\/uploads\/2025\/11\/ipad-mockup-featuring-a-monochromatic-background-2176-el1.png 1920w, https:\/\/www.ezd-medical.eu\/wp-content\/uploads\/2025\/11\/ipad-mockup-featuring-a-monochromatic-background-2176-el1-300x200.png 300w, https:\/\/www.ezd-medical.eu\/wp-content\/uploads\/2025\/11\/ipad-mockup-featuring-a-monochromatic-background-2176-el1-1024x683.png 1024w, https:\/\/www.ezd-medical.eu\/wp-content\/uploads\/2025\/11\/ipad-mockup-featuring-a-monochromatic-background-2176-el1-768x512.png 768w, https:\/\/www.ezd-medical.eu\/wp-content\/uploads\/2025\/11\/ipad-mockup-featuring-a-monochromatic-background-2176-el1-1536x1024.png 1536w\" sizes=\"auto, (max-width: 1920px) 100vw, 1920px\" \/><\/figure>\n\n\n\n<h3 class=\"wp-block-heading\" style=\"margin-top:16px\">Elektronick\u00e1 zdravotn\u00ed dokumentace<\/h3>\n\n\n\n<p>Mobiln\u00ed zad\u00e1v\u00e1n\u00ed dat (MZD) a elektronick\u00e1 zdravotn\u00ed dokumentace (EKP) jako n\u00e1stroj kompletn\u00ed digitalizace dokumenta\u010dn\u00edch slu\u017eeb v oblasti p\u0159ednemocni\u010dn\u00ed neodkladn\u00e9 p\u00e9\u010de.<\/p>\n<\/div>\n\n\n\n<div class=\"wp-block-column is-layout-flow wp-container-core-column-is-layout-6b73ce23 wp-block-column-is-layout-flow\">\n<figure class=\"wp-block-image size-full\"><img loading=\"lazy\" decoding=\"async\" width=\"2560\" height=\"1919\" src=\"https:\/\/www.ezd-medical.eu\/wp-content\/uploads\/2025\/11\/ipad-mockup-featuring-a-man-in-a-work-meeting-m35186-scaled.png\" alt=\"\" class=\"wp-image-52\" srcset=\"https:\/\/www.ezd-medical.eu\/wp-content\/uploads\/2025\/11\/ipad-mockup-featuring-a-man-in-a-work-meeting-m35186-scaled.png 2560w, https:\/\/www.ezd-medical.eu\/wp-content\/uploads\/2025\/11\/ipad-mockup-featuring-a-man-in-a-work-meeting-m35186-300x225.png 300w, https:\/\/www.ezd-medical.eu\/wp-content\/uploads\/2025\/11\/ipad-mockup-featuring-a-man-in-a-work-meeting-m35186-1024x768.png 1024w, https:\/\/www.ezd-medical.eu\/wp-content\/uploads\/2025\/11\/ipad-mockup-featuring-a-man-in-a-work-meeting-m35186-768x576.png 768w, https:\/\/www.ezd-medical.eu\/wp-content\/uploads\/2025\/11\/ipad-mockup-featuring-a-man-in-a-work-meeting-m35186-1536x1152.png 1536w, https:\/\/www.ezd-medical.eu\/wp-content\/uploads\/2025\/11\/ipad-mockup-featuring-a-man-in-a-work-meeting-m35186-2048x1535.png 2048w\" sizes=\"auto, (max-width: 2560px) 100vw, 2560px\" \/><\/figure>\n\n\n\n<h3 class=\"wp-block-heading\" style=\"margin-top:16px\">Konzulta\u010dn\u00ed a analytick\u00e1 \u010dinnost<\/h3>\n\n\n\n<p>Poskytujeme komplexn\u00ed konzulta\u010dn\u00ed a analytick\u00e9 slu\u017eby v oblasti v\u00fdvoje a poradenstv\u00ed informa\u010dn\u00edch syst\u00e9m\u016f a v oblasti informa\u010dn\u00edch a komunika\u010dn\u00edch technologi\u00ed pro zdravotnictv\u00ed.<\/p>\n<\/div>\n<\/div>\n<\/div>\n\n\n\n<div class=\"wp-block-group alignfull has-ast-global-color-4-background-color has-background is-layout-constrained wp-container-core-group-is-layout-6a2cfb7b wp-block-group-is-layout-constrained\" id=\"reviews\">\n<p class=\"has-text-align-center\" style=\"font-size:22px;line-height:1.6\">Na\u0161i z\u00e1kazn\u00edci<\/p>\n\n\n\n<div class=\"wp-block-columns is-layout-flex wp-container-core-columns-is-layout-28f84493 wp-block-columns-is-layout-flex\">\n<div class=\"wp-block-column is-layout-flow wp-block-column-is-layout-flow\">\n<ul class=\"wp-block-list\">\n<li>ZZS Plze\u0148sk\u00e9ho kraje<\/li>\n\n\n\n<li>ZZS Karlovarsk\u00e9ho kraje<\/li>\n\n\n\n<li>ZZS Hlavn\u00edho m\u011bsta Prahy<\/li>\n\n\n\n<li>ZZS St\u0159edo\u010desk\u00e9ho kraje<\/li>\n\n\n\n<li>ZZS \u00dasteck\u00e9ho kraje<\/li>\n\n\n\n<li>ZZS Libereck\u00e9ho kraje<\/li>\n<\/ul>\n<\/div>\n\n\n\n<div class=\"wp-block-column is-layout-flow wp-block-column-is-layout-flow\">\n<ul class=\"wp-block-list\">\n<li>ZZS Kr\u00e1lov\u00e9hradeck\u00e9ho kraje<\/li>\n\n\n\n<li>ZZS Pardubick\u00e9ho Prahy<\/li>\n\n\n\n<li>ZZS kraje Vyso\u010dina<\/li>\n\n\n\n<li>ZZS Jihomoravsk\u00e9ho kraje<\/li>\n\n\n\n<li>ZZS Zl\u00ednsk\u00e9ho kraje<\/li>\n<\/ul>\n<\/div>\n<\/div>\n<\/div>\n\n\n\n<div class=\"wp-block-group alignfull is-layout-constrained wp-container-core-group-is-layout-3fee123f wp-block-group-is-layout-constrained\" id=\"whyus\" style=\"padding-top:144px;padding-bottom:144px\">\n<h2 class=\"wp-block-heading\">Pro\u010d EZD Medical<\/h2>\n\n\n\n<div class=\"wp-block-columns is-layout-flex wp-container-core-columns-is-layout-29aadeec wp-block-columns-is-layout-flex\" style=\"margin-top:60px\">\n<div class=\"wp-block-column is-layout-flow wp-container-core-column-is-layout-6b73ce23 wp-block-column-is-layout-flow\">\n<figure class=\"wp-block-image size-large\"><img decoding=\"async\" src=\"https:\/\/www.ezd-medical.eu\/wp-content\/themes\/astra\/inc\/assets\/images\/starter-content\/passionate.svg\" alt=\"\" class=\"wp-image-162\"\/><\/figure>\n\n\n\n<h4 class=\"wp-block-heading\" style=\"margin-top:16px\">Passionate &#8211; s v\u00e1\u0161n\u00ed pro slu\u017eby<\/h4>\n\n\n\n<p>Na\u0161e slu\u017eby poskytujeme s opravdov\u00fdm nad\u0161en\u00edm a osobn\u00edm nasazen\u00edm. Ka\u017ed\u00fd projekt bereme jako p\u0159\u00edle\u017eitost p\u0159in\u00e9st hodnotu, posouvat v\u011bci dop\u0159edu a vytv\u00e1\u0159et \u0159e\u0161en\u00ed, kter\u00e1 maj\u00ed skute\u010dn\u00fd dopad. V\u011b\u0159\u00edme, \u017ee v\u00e1\u0161e\u0148 pro to, co d\u011bl\u00e1me, se prom\u00edt\u00e1 do kvality na\u0161\u00ed pr\u00e1ce, proaktivn\u00edho p\u0159\u00edstupu a dlouhodob\u00e9 spokojenosti na\u0161ich z\u00e1kazn\u00edk\u016f.<\/p>\n<\/div>\n\n\n\n<div class=\"wp-block-column is-layout-flow wp-container-core-column-is-layout-6b73ce23 wp-block-column-is-layout-flow\">\n<figure class=\"wp-block-image size-large\"><img decoding=\"async\" src=\"https:\/\/www.ezd-medical.eu\/wp-content\/themes\/astra\/inc\/assets\/images\/starter-content\/professional.svg\" alt=\"\" class=\"wp-image-163\"\/><\/figure>\n\n\n\n<h4 class=\"wp-block-heading\" style=\"margin-top:16px\">Profesion\u00e1ln\u00ed p\u0159\u00edstup<\/h4>\n\n\n\n<p>Na\u0161e slu\u017eby stav\u00edme na vysok\u00e9 \u00farovni odbornosti, spolehlivosti a odpov\u011bdnosti. Ka\u017ed\u00fd \u00fakol zpracov\u00e1v\u00e1me s d\u016frazem na detail, transparentn\u00ed komunikaci a dodr\u017eov\u00e1n\u00ed dohodnut\u00fdch term\u00edn\u016f. Profesion\u00e1ln\u00ed p\u0159\u00edstup pro n\u00e1s znamen\u00e1 konzistentn\u00ed kvalitu, respekt k pot\u0159eb\u00e1m klienta a schopnost poskytovat \u0159e\u0161en\u00ed, kter\u00e1 jsou efektivn\u00ed, bezpe\u010dn\u00e1 a dlouhodob\u011b udr\u017eiteln\u00e1.<\/p>\n<\/div>\n\n\n\n<div class=\"wp-block-column is-layout-flow wp-container-core-column-is-layout-6b73ce23 wp-block-column-is-layout-flow\">\n<figure class=\"wp-block-image size-large\"><img decoding=\"async\" src=\"https:\/\/www.ezd-medical.eu\/wp-content\/themes\/astra\/inc\/assets\/images\/starter-content\/support.svg\" alt=\"\" class=\"wp-image-164\"\/><\/figure>\n\n\n\n<h4 class=\"wp-block-heading\" style=\"margin-top:16px\">Podpora<\/h4>\n\n\n\n<p>Poskytujeme kompletn\u00ed podporu b\u011bhem cel\u00e9ho \u017eivotn\u00edho cyklu na\u0161ich slu\u017eeb. Jsme p\u0159ipraveni rychle reagovat na va\u0161e po\u017eadavky, pomoci s \u0159e\u0161en\u00edm technick\u00fdch ot\u00e1zek a nab\u00eddnout odborn\u00e9 veden\u00ed, kdykoli je pot\u0159eba. Na\u0161\u00ed prioritou je, abyste se mohli pln\u011b soust\u0159edit na sv\u016fj provoz, zat\u00edmco my zajist\u00edme stabilitu, bezpe\u010dnost a bezprobl\u00e9mov\u00fd chod va\u0161ich syst\u00e9m\u016f.<\/p>\n<\/div>\n<\/div>\n<\/div>\n\n\n\n<div class=\"wp-block-group alignfull has-background is-layout-constrained wp-container-core-group-is-layout-cfcca693 wp-block-group-is-layout-constrained\" id=\"contact\" style=\"background:linear-gradient(35deg,rgb(6,0,151) 0%,rgb(130,4,255) 64%,rgb(193,15,255) 98%);padding-top:104px;padding-bottom:104px\">\n<h2 class=\"wp-block-heading has-text-align-center has-text-color\" style=\"color:#ffffff\">Kontakt<\/h2>\n\n\n\n<h4 class=\"wp-block-heading has-text-align-center has-text-color\" style=\"color:#ffffff\">EZD Medical s.r.o.<\/h4>\n\n\n\n<h4 class=\"wp-block-heading has-text-align-center has-text-color\" style=\"color:#ffffff\">U michelsk\u00e9ho ml\u00fdnu 380\/4, 14000 Praha4<\/h4>\n\n\n\n<h4 class=\"wp-block-heading has-text-align-center has-text-color\" style=\"color:#ffffff\">I\u010c: 211 06 631<\/h4>\n\n\n\n<h4 class=\"wp-block-heading has-text-align-center has-text-color\" style=\"color:#ffffff\">Email: info@ezd-medical.eu<\/h4>\n<\/div>\n\n\n\n<p><\/p>\n","protected":false},"excerpt":{"rendered":"<p>Na\u0161e produkty a slu\u017eby Elektronick\u00e1 zdravotn\u00ed dokumentace Mobiln\u00ed zad\u00e1v\u00e1n\u00ed dat (MZD) a elektronick\u00e1 zdravotn\u00ed dokumentace (EKP) jako n\u00e1stroj kompletn\u00ed digitalizace [&hellip;]<\/p>\n","protected":false},"author":1,"featured_media":0,"parent":0,"menu_order":0,"comment_status":"closed","ping_status":"closed","template":"","meta":{"site-sidebar-layout":"no-sidebar","site-content-layout":"plain-container","ast-site-content-layout":"default","site-content-style":"default","site-sidebar-style":"default","ast-global-header-display":"","ast-banner-title-visibility":"","ast-main-header-display":"","ast-hfb-above-header-display":"","ast-hfb-below-header-display":"","ast-hfb-mobile-header-display":"","site-post-title":"disabled","ast-breadcrumbs-content":"","ast-featured-img":"","footer-sml-layout":"","ast-disable-related-posts":"","theme-transparent-header-meta":"enabled","adv-header-id-meta":"","stick-header-meta":"","header-above-stick-meta":"","header-main-stick-meta":"","header-below-stick-meta":"","astra-migrate-meta-layouts":"default","ast-page-background-enabled":"default","ast-page-background-meta":{"desktop":{"background-color":"var(--ast-global-color-5)","background-image":"","background-repeat":"repeat","background-position":"center center","background-size":"auto","background-attachment":"scroll","background-type":"","background-media":"","overlay-type":"","overlay-color":"","overlay-opacity":"","overlay-gradient":""},"tablet":{"background-color":"","background-image":"","background-repeat":"repeat","background-position":"center center","background-size":"auto","background-attachment":"scroll","background-type":"","background-media":"","overlay-type":"","overlay-color":"","overlay-opacity":"","overlay-gradient":""},"mobile":{"background-color":"","background-image":"","background-repeat":"repeat","background-position":"center center","background-size":"auto","background-attachment":"scroll","background-type":"","background-media":"","overlay-type":"","overlay-color":"","overlay-opacity":"","overlay-gradient":""}},"ast-content-background-meta":{"desktop":{"background-color":"var(--ast-global-color-4)","background-image":"","background-repeat":"repeat","background-position":"center center","background-size":"auto","background-attachment":"scroll","background-type":"","background-media":"","overlay-type":"","overlay-color":"","overlay-opacity":"","overlay-gradient":""},"tablet":{"background-color":"var(--ast-global-color-4)","background-image":"","background-repeat":"repeat","background-position":"center center","background-size":"auto","background-attachment":"scroll","background-type":"","background-media":"","overlay-type":"","overlay-color":"","overlay-opacity":"","overlay-gradient":""},"mobile":{"background-color":"var(--ast-global-color-4)","background-image":"","background-repeat":"repeat","background-position":"center center","background-size":"auto","background-attachment":"scroll","background-type":"","background-media":"","overlay-type":"","overlay-color":"","overlay-opacity":"","overlay-gradient":""}},"footnotes":""},"class_list":["post-7","page","type-page","status-publish","hentry"],"_links":{"self":[{"href":"https:\/\/www.ezd-medical.eu\/index.php?rest_route=\/wp\/v2\/pages\/7","targetHints":{"allow":["GET"]}}],"collection":[{"href":"https:\/\/www.ezd-medical.eu\/index.php?rest_route=\/wp\/v2\/pages"}],"about":[{"href":"https:\/\/www.ezd-medical.eu\/index.php?rest_route=\/wp\/v2\/types\/page"}],"author":[{"embeddable":true,"href":"https:\/\/www.ezd-medical.eu\/index.php?rest_route=\/wp\/v2\/users\/1"}],"replies":[{"embeddable":true,"href":"https:\/\/www.ezd-medical.eu\/index.php?rest_route=%2Fwp%2Fv2%2Fcomments&post=7"}],"version-history":[{"count":20,"href":"https:\/\/www.ezd-medical.eu\/index.php?rest_route=\/wp\/v2\/pages\/7\/revisions"}],"predecessor-version":[{"id":61,"href":"https:\/\/www.ezd-medical.eu\/index.php?rest_route=\/wp\/v2\/pages\/7\/revisions\/61"}],"wp:attachment":[{"href":"https:\/\/www.ezd-medical.eu\/index.php?rest_route=%2Fwp%2Fv2%2Fmedia&parent=7"}],"curies":[{"name":"wp","href":"https:\/\/api.w.org\/{rel}","templated":true}]}}